{"id":123,"date":"2020-04-15T12:04:54","date_gmt":"2020-04-15T12:04:54","guid":{"rendered":"https:\/\/razvan001.supserv.cozmoslabs.com\/?page_id=123"},"modified":"2020-04-15T12:04:54","modified_gmt":"2020-04-15T12:04:54","slug":"pms","status":"publish","type":"page","link":"https:\/\/razvan001.supserv.cozmoslabs.com\/es\/pms\/","title":{"rendered":"PMS"},"content":{"rendered":"<h3>Bienvenido a la documentaci\u00f3n de las suscripciones de pago para miembros<\/h3>\nLa documentaci\u00f3n de las suscripciones de pago para miembros (PMS) est\u00e1 en constante evoluci\u00f3n, ya que seguimos actualizando el plugin. La \u00faltima versi\u00f3n de la documentaci\u00f3n est\u00e1 disponible a trav\u00e9s de esta Wiki.\n\n<a href=\"https:\/\/www.cozmoslabs.com\/wp-content\/uploads\/2017\/07\/Paid-Member-Subscriptions-Docs-Logo-v2.png\"><img loading=\"lazy\" class=\"aligncenter size-full wp-image-94641\" src=\"https:\/\/www.cozmoslabs.com\/wp-content\/uploads\/2017\/07\/Paid-Member-Subscriptions-Docs-Logo-v2.png\" alt=\"Suscripciones de pago para miembros Docs Logo v2\" width=\"1625\" height=\"323\" \/><\/a>\n\nLa documentaci\u00f3n actual es para nuestro <a href=\"https:\/\/www.cozmoslabs.com\/wordpress-paid-member-subscriptions\/\">Suscripciones de pago para miembros<\/a> plugin.\n<ol>\n \t<li><a href=\"http:\/\/demo.cozmoslabs.com\/paidmembersubscriptions\/#docs\">PRUEBA LA DEMO<\/a><\/li>\n \t<li><a href=\"http:\/\/www.cozmoslabs.com\/docs\/paid-member-subscriptions\/basic-information-and-installation\/\">Instrucciones de instalaci\u00f3n y configuraci\u00f3n<\/a>\n<ol>\n\t<li><a href=\"https:\/\/www.cozmoslabs.com\/docs\/paid-member-subscriptions\/basic-information-and-installation\/#Initial_Setup\">Configuraci\u00f3n inicial<\/a><\/li>\n\t<li><a href=\"https:\/\/www.cozmoslabs.com\/docs\/paid-member-subscriptions\/basic-information-and-installation\/#Add_Serial_Number\">A\u00f1adir n\u00famero de serie<\/a><\/li>\n<\/ol>\n<\/li>\n \t<li><a href=\"http:\/\/www.cozmoslabs.com\/docs\/paid-member-subscriptions\/shortcodes\/\">C\u00f3digos cortos<\/a><\/li>\n \t<li><a href=\"http:\/\/www.cozmoslabs.com\/docs\/paid-member-subscriptions\/subscription-plans\/\">Planes de suscripci\u00f3n<\/a><\/li>\n \t<li><a href=\"http:\/\/www.cozmoslabs.com\/docs\/paid-member-subscriptions\/content-restriction\/\">Restricci\u00f3n de contenidos<\/a>\n<ol>\n \t<li><a href=\"https:\/\/www.cozmoslabs.com\/docs\/paid-member-subscriptions\/content-restriction\/#Restriction_Using_a_Message\">Restricci\u00f3n mediante un mensaje<\/a><\/li>\n \t<li><a href=\"https:\/\/www.cozmoslabs.com\/docs\/paid-member-subscriptions\/content-restriction\/#Restriction_Using_a_Redirect\">Restricci\u00f3n mediante una redirecci\u00f3n<\/a><\/li>\n        <li><a href=\"https:\/\/www.cozmoslabs.com\/docs\/paid-member-subscriptions\/integration-with-other-plugins\/elementor\/#Elementor_Content_Restriction\">Restringir secciones y widgets de Elementor<\/a><\/li> \t\n        <li><a href=\"https:\/\/www.cozmoslabs.com\/docs\/paid-member-subscriptions\/integration-with-other-plugins\/woocommerce\/#Restrict_Product_Viewing\">Restringir los productos de WooCommerce<\/a><\/li>\n \t<li><a href=\"https:\/\/www.cozmoslabs.com\/docs\/paid-member-subscriptions\/add-ons\/bbpress\/\">Restringir los foros de bbPress<\/a><\/li>\n \t<li><a href=\"https:\/\/www.cozmoslabs.com\/docs\/paid-member-subscriptions\/shortcodes\/#Restrict_Content\">C\u00f3digo corto de restricci\u00f3n de contenido<\/a><\/li>\n<\/ol>\n<\/li>\n \t<li><a href=\"https:\/\/www.cozmoslabs.com\/docs\/paid-member-subscriptions\/member-management\/\">Gesti\u00f3n de miembros<\/a><\/li>\n \t<li><a href=\"https:\/\/www.cozmoslabs.com\/docs\/paid-member-subscriptions\/member-payments\/\">Pagos de los socios<\/a>\n<ol>\n \t<li><a href=\"https:\/\/www.cozmoslabs.com\/docs\/paid-member-subscriptions\/member-payments\/#Interface\">Interfaz<\/a><\/li>\n \t<li><a href=\"https:\/\/www.cozmoslabs.com\/docs\/paid-member-subscriptions\/member-payments\/#Payment_Statuses\">Estados de pago<\/a><\/li>\n \t<li><a href=\"https:\/\/www.cozmoslabs.com\/docs\/paid-member-subscriptions\/member-payments\/#Payment_Logs\">Registros de pagos<\/a><\/li>\n \t<li><a href=\"https:\/\/www.cozmoslabs.com\/docs\/paid-member-subscriptions\/member-payments\/#Payment_Requirements\">Requisitos de pago<\/a>\n<ol>\n\t<li><a href=\"https:\/\/www.cozmoslabs.com\/docs\/paid-member-subscriptions\/member-payments\/#IPN_for_PayPal_gateways\">IPN para las pasarelas de PayPal<\/a><\/li>\n        <li><a href=\"https:\/\/www.cozmoslabs.com\/docs\/paid-member-subscriptions\/member-payments\/#SSL_certificate\">Certificado SSL<\/a><\/li>\n<\/ol><\/li>\n<\/ol>\n<\/li>\n \t<li><a href=\"https:\/\/www.cozmoslabs.com\/docs\/paid-member-subscriptions\/payment-gateways\/\">Pasarelas de pago<\/a><\/li>\n \t<li><a href=\"https:\/\/www.cozmoslabs.com\/docs\/paid-member-subscriptions\/reports\/\">Informes y exportaciones<\/a><\/li>\n \t<li><a href=\"https:\/\/www.cozmoslabs.com\/docs\/paid-member-subscriptions\/settings\/\">Ajustes<\/a>\n<ol>\n \t<li><a href=\"https:\/\/www.cozmoslabs.com\/docs\/paid-member-subscriptions\/settings\/general\/\">General<\/a><\/li>\n \t<li><a href=\"https:\/\/www.cozmoslabs.com\/docs\/paid-member-subscriptions\/settings\/payments\/\">Pagos<\/a><\/li>\n \t<li><a href=\"https:\/\/www.cozmoslabs.com\/docs\/paid-member-subscriptions\/settings\/content-restriction\/\">Restricci\u00f3n de contenidos<\/a><\/li>\n \t<li>Correos electr\u00f3nicos\n<ol>\n \t<li><a href=\"https:\/\/www.cozmoslabs.com\/docs\/paid-member-subscriptions\/settings\/member-emails\/\">Correos electr\u00f3nicos de los miembros<\/a><\/li>\n \t<li><a href=\"https:\/\/www.cozmoslabs.com\/docs\/paid-member-subscriptions\/settings\/administrator-emails\/\">Correos electr\u00f3nicos de los administradores<\/a><\/li>\n<\/ol>\n         <li><a href=\"https:\/\/www.cozmoslabs.com\/docs\/paid-member-subscriptions\/settings\/misc\/\">Varios<\/a>\n<ol>\n \t<li><a href=\"https:\/\/www.cozmoslabs.com\/docs\/paid-member-subscriptions\/settings\/misc\/recaptcha\/\">reCAPTCHA<\/a><\/li>\n<\/ol>\n<\/li>\n<\/ol>\n<\/li>\n \t<li><a href=\"https:\/\/www.cozmoslabs.com\/docs\/paid-member-subscriptions\/integration-with-other-plugins\/\">Integraci\u00f3n con otros plugins<\/a>\n<ol>\n \t<li><a href=\"https:\/\/www.cozmoslabs.com\/docs\/paid-member-subscriptions\/integration-with-other-plugins\/elementor\/\">Elementor<\/a><\/li>\n \t<li><a href=\"https:\/\/www.cozmoslabs.com\/docs\/paid-member-subscriptions\/integration-with-other-plugins\/woocommerce\/\">WooCommerce<\/a><\/li>\n \t<li><a href=\"https:\/\/www.cozmoslabs.com\/docs\/paid-member-subscriptions\/integration-with-other-plugins\/profile-builder\/\">Constructor de perfiles<\/a><\/li>\n        <li><a href=\"https:\/\/www.cozmoslabs.com\/docs\/paid-member-subscriptions\/integration-with-other-plugins\/mailchimp-for-wordpress\/\">Mailchimp para WordPress<\/a><\/li>\n \t<li><a href=\"https:\/\/www.cozmoslabs.com\/docs\/paid-member-subscriptions\/integration-with-other-plugins\/wordpress-creation-kit\/\">Kit de creaci\u00f3n de WordPress<\/a><\/li>\n \t<li><a href=\"https:\/\/www.cozmoslabs.com\/docs\/paid-member-subscriptions\/integration-with-other-plugins\/affiliatewp-integration\/\">AffiliateWP<\/a><\/li>\n<\/ol>\n<\/li>\n \t<li><a href=\"https:\/\/www.cozmoslabs.com\/docs\/paid-member-subscriptions\/add-ons\/\">Complementos<\/a>\n<ol>\n \t<li><a href=\"https:\/\/www.cozmoslabs.com\/docs\/paid-member-subscriptions\/add-ons\/#Paid_Member_Subscriptions_Basic_Add-ons\">Complementos b\u00e1sicos<\/a>\n<ol>\n \t<li><a href=\"https:\/\/www.cozmoslabs.com\/docs\/paid-member-subscriptions\/add-ons\/global-content-restriction\/\">Restricci\u00f3n global de contenidos<\/a><\/li>\n \t<li><a href=\"https:\/\/www.cozmoslabs.com\/docs\/paid-member-subscriptions\/add-ons\/discount-codes\/\">C\u00f3digos de descuento<\/a><\/li>\n \t<li><a href=\"https:\/\/www.cozmoslabs.com\/docs\/paid-member-subscriptions\/add-ons\/email-reminders\/\">Recordatorios por correo electr\u00f3nico<\/a><\/li>\n \t<li><a href=\"https:\/\/www.cozmoslabs.com\/docs\/paid-member-subscriptions\/add-ons\/bbpress\/\">bbPress<\/a><\/li>\n \t<li><a href=\"https:\/\/www.cozmoslabs.com\/docs\/paid-member-subscriptions\/add-ons\/navigation-menu-filtering\/\">Filtrado del men\u00fa de navegaci\u00f3n<\/a><\/li>\n \t<li><a href=\"https:\/\/www.cozmoslabs.com\/docs\/paid-member-subscriptions\/add-ons\/fixed-period-membership\/\">Afiliaci\u00f3n a plazo fijo<\/a><\/li>\n \t<li><a href=\"https:\/\/www.cozmoslabs.com\/docs\/paid-member-subscriptions\/add-ons\/pay-what-you-want-variable-pricing\/\">Pague lo que quiera (precio variable)<\/a><\/li>\n        <li><a href=\"https:\/\/www.cozmoslabs.com\/docs\/paid-member-subscriptions\/add-ons\/labels-edit\/\">Etiquetas Editar<\/a><\/li>\n<\/ol>\n<\/li>\n \t<li><a href=\"https:\/\/www.cozmoslabs.com\/docs\/paid-member-subscriptions\/add-ons\/#Paid_Member_Subscriptions_Pro_Add-ons\">Complementos Pro<\/a>\n<ol>\n\t<li><a href=\"https:\/\/www.cozmoslabs.com\/docs\/paid-member-subscriptions\/add-ons\/group-memberships\/\">Afiliaci\u00f3n a grupos<\/a><\/li>\n        <li><a href=\"https:\/\/www.cozmoslabs.com\/docs\/paid-member-subscriptions\/add-ons\/tax-eu-vat\/\">Impuestos e IVA de la UE<\/a><\/li>\n \t<li><a href=\"https:\/\/www.cozmoslabs.com\/docs\/paid-member-subscriptions\/add-ons\/recurring-payments-for-paypal-standard\/\">Pagos peri\u00f3dicos para PayPal est\u00e1ndar<\/a><\/li>\n \t<li><a href=\"https:\/\/www.cozmoslabs.com\/docs\/paid-member-subscriptions\/add-ons\/paypal-pro-and-express-checkout\/\">PayPal Pro y Pago expr\u00e9s<\/a><\/li>\n \t<li><a href=\"https:\/\/www.cozmoslabs.com\/docs\/paid-member-subscriptions\/add-ons\/stripe-payment-gateway\/\">Pasarela de pago Stripe<\/a><\/li>\n \t<li><a href=\"https:\/\/www.cozmoslabs.com\/docs\/paid-member-subscriptions\/add-ons\/invoices\/\">Facturas<\/a><\/li>\n \t<li><a href=\"https:\/\/www.cozmoslabs.com\/docs\/paid-member-subscriptions\/add-ons\/multiple-subscriptions-per-user\/\">M\u00faltiples suscripciones por usuario<\/a><\/li>\n \t<li><a href=\"https:\/\/www.cozmoslabs.com\/docs\/paid-member-subscriptions\/add-ons\/content-dripping\/\">Goteo de contenidos<\/a><\/li>\n<\/ol>\n<\/li>\n<\/ol>\n<\/li>\n \t<li><a href=\"https:\/\/www.cozmoslabs.com\/docs\/paid-member-subscriptions\/frequently-asked-questions\/\">Preguntas frecuentes<\/a><\/li>\n \t<li>Actualizaciones importantes\n<ol>\n \t<li><a href=\"\/es\/www.cozmoslabs.com\/docs\/paid-member-subscriptions\/upgrading-paid-member-subscriptions-version-1-5-0\/\">Actualizaci\u00f3n a la versi\u00f3n 1.5.0 de las suscripciones de pago para miembros<\/a><\/li>\n<\/ol>\n<\/li>\n \t<li><a href=\"https:\/\/www.cozmoslabs.com\/docs\/paid-member-subscriptions\/paid-member-subscriptions-changelogs\/\">Suscripciones de pago de los miembros Changelogs<\/a><\/li>\n \t<li><a href=\"https:\/\/www.cozmoslabs.com\/docs\/paid-member-subscriptions\/developer-knowledge-base\/\">Base de conocimientos para desarrolladores<\/a><\/li>\n \t<li><a href=\"https:\/\/www.cozmoslabs.com\/docs\/paid-member-subscriptions\/how-to-translate-paid-member-subscriptions\/\">C\u00f3mo traducir las suscripciones de pago de los miembros<\/a><\/li>\n \t<li><a href=\"https:\/\/www.cozmoslabs.com\/docs\/paid-member-subscriptions\/how-to-make-paid-member-subscriptions-forms-gdpr-compliant\/\">C\u00f3mo hacer que los formularios de suscripci\u00f3n de pago de los miembros cumplan con el GDPR<\/a><\/li>\n<\/ol>\n<!--\n<strong>Video Tutorials<\/strong>\n<ol>\n \t<li>Introduction and Installation<\/li>\n \t<li>Quick 3 Minutes Setup (settings)<\/li>\n \t<li>Setting up subscription plans<\/li>\n \t<li>Protecting your content<\/li>\n \t<li>Member Management<\/li>\n \t<li>Visualize Payments<\/li>\n \t<li>Extend Using Addons\n<ol>\n \t<li>PayPal Pro and PayPal Express<\/li>\n \t<li>Paypal Standard Recurring Payments<\/li>\n \t<li>Multiple Subscriptions per User<\/li>\n \t<li>Global Content Restrictions<\/li>\n \t<li>Discount Codes<\/li>\n \t<li>Navigation Menu Filtering<\/li>\n<\/ol>\n<\/li>\n \t<li>Integrating with other Plugins\n<ol>\n \t<li>Integration with Profile Builder\n<ol>\n \t<li>Create Custom Registration and Edit Profile pages for your users<\/li>\n \t<li>List your members in the front-end<\/li>\n \t<li>Setup Custom Redirects on successful registration, login, logout, etc.<\/li>\n<\/ol>\n<\/li>\n \t<li>Integration with WordPress Creation Kit<\/li>\n<\/ol>\n<\/li>\n<\/ol>\n-->","protected":false},"excerpt":{"rendered":"<p>Welcome to Paid Member Subscriptions documentation Paid Member Subscriptions (PMS) documentation is constantly evolving as we continue to update the plugin. The latest version of the documentation is available via this Wiki. The current documentation is for our Paid Member Subscriptions plugin. TRY THE DEMO Installation &#038; Setup Instructions Initial Setup Add Serial Number Shortcodes [&hellip;]<\/p>\n","protected":false},"author":1,"featured_media":0,"parent":0,"menu_order":0,"comment_status":"closed","ping_status":"closed","template":"","meta":[],"_links":{"self":[{"href":"https:\/\/razvan001.supserv.cozmoslabs.com\/es\/wp-json\/wp\/v2\/pages\/123"}],"collection":[{"href":"https:\/\/razvan001.supserv.cozmoslabs.com\/es\/wp-json\/wp\/v2\/pages"}],"about":[{"href":"https:\/\/razvan001.supserv.cozmoslabs.com\/es\/wp-json\/wp\/v2\/types\/page"}],"author":[{"embeddable":true,"href":"https:\/\/razvan001.supserv.cozmoslabs.com\/es\/wp-json\/wp\/v2\/users\/1"}],"replies":[{"embeddable":true,"href":"https:\/\/razvan001.supserv.cozmoslabs.com\/es\/wp-json\/wp\/v2\/comments?post=123"}],"version-history":[{"count":1,"href":"https:\/\/razvan001.supserv.cozmoslabs.com\/es\/wp-json\/wp\/v2\/pages\/123\/revisions"}],"predecessor-version":[{"id":125,"href":"https:\/\/razvan001.supserv.cozmoslabs.com\/es\/wp-json\/wp\/v2\/pages\/123\/revisions\/125"}],"wp:attachment":[{"href":"https:\/\/razvan001.supserv.cozmoslabs.com\/es\/wp-json\/wp\/v2\/media?parent=123"}],"curies":[{"name":"wp","href":"https:\/\/api.w.org\/{rel}","templated":true}]}}