{"id":284,"date":"2022-10-10T07:10:13","date_gmt":"2022-10-10T07:10:13","guid":{"rendered":"https:\/\/razvan001.supserv.cozmoslabs.com\/donation-failed\/"},"modified":"2022-10-10T07:10:13","modified_gmt":"2022-10-10T07:10:13","slug":"donation-failed","status":"publish","type":"page","link":"https:\/\/razvan001.supserv.cozmoslabs.com\/es\/donation-failed\/","title":{"rendered":"Donaci\u00f3n fallida"},"content":{"rendered":"<p>Lo sentimos, tu donaci\u00f3n no pudo procesarse. Int\u00e9ntelo de nuevo o comun\u00edquese con el soporte del sitio.<\/p>","protected":false},"excerpt":{"rendered":"<p>Lo sentimos, tu donaci\u00f3n no pudo procesarse. Int\u00e9ntelo de nuevo o comun\u00edquese con el soporte del sitio.<\/p>","protected":false},"author":1,"featured_media":0,"parent":0,"menu_order":0,"comment_status":"closed","ping_status":"closed","template":"","meta":[],"_links":{"self":[{"href":"https:\/\/razvan001.supserv.cozmoslabs.com\/es\/wp-json\/wp\/v2\/pages\/284"}],"collection":[{"href":"https:\/\/razvan001.supserv.cozmoslabs.com\/es\/wp-json\/wp\/v2\/pages"}],"about":[{"href":"https:\/\/razvan001.supserv.cozmoslabs.com\/es\/wp-json\/wp\/v2\/types\/page"}],"author":[{"embeddable":true,"href":"https:\/\/razvan001.supserv.cozmoslabs.com\/es\/wp-json\/wp\/v2\/users\/1"}],"replies":[{"embeddable":true,"href":"https:\/\/razvan001.supserv.cozmoslabs.com\/es\/wp-json\/wp\/v2\/comments?post=284"}],"version-history":[{"count":0,"href":"https:\/\/razvan001.supserv.cozmoslabs.com\/es\/wp-json\/wp\/v2\/pages\/284\/revisions"}],"wp:attachment":[{"href":"https:\/\/razvan001.supserv.cozmoslabs.com\/es\/wp-json\/wp\/v2\/media?parent=284"}],"curies":[{"name":"wp","href":"https:\/\/api.w.org\/{rel}","templated":true}]}}