{"id":93,"date":"2020-04-15T11:48:38","date_gmt":"2020-04-15T11:48:38","guid":{"rendered":"https:\/\/razvan001.supserv.cozmoslabs.com\/?page_id=93"},"modified":"2020-04-15T11:48:38","modified_gmt":"2020-04-15T11:48:38","slug":"pb","status":"publish","type":"page","link":"https:\/\/razvan001.supserv.cozmoslabs.com\/es\/pb\/","title":{"rendered":"PB"},"content":{"rendered":"<p>P\u00e1gina de introducci\u00f3n para PB. Se podr\u00eda colocar aqu\u00ed alguna informaci\u00f3n, como enlaces de documentaci\u00f3n. <\/p>\n\n\n\n<h3>Bienvenido a la documentaci\u00f3n de Profile Builder<\/h3>\nLa documentaci\u00f3n de Profile Builder (PB) est\u00e1 en constante evoluci\u00f3n, ya que seguimos actualizando el plugin. La \u00faltima versi\u00f3n de la documentaci\u00f3n est\u00e1 disponible en esta Wiki.\n\n<a href=\"https:\/\/www.cozmoslabs.com\/wp-content\/uploads\/2017\/07\/Profile-Builder-Docs-Logo-v2.png\"><img loading=\"lazy\" class=\"aligncenter size-full wp-image-94643\" src=\"https:\/\/www.cozmoslabs.com\/wp-content\/uploads\/2017\/07\/Profile-Builder-Docs-Logo-v2.png\" alt=\"Logotipo de Profile Builder Docs v2\" width=\"1625\" height=\"323\" \/><\/a>\n\nLa documentaci\u00f3n actual es para nuestro <a href=\"https:\/\/www.cozmoslabs.com\/wordpress-profile-builder\/\">Constructor de perfiles<\/a> plugin.\n<ol>\n \t<li style=\"list-style-type: none;\">\n<ol>\n \t<li><a href=\"http:\/\/demo.cozmoslabs.com\/profilebuilder\/#docs\">PRUEBA LA DEMO<\/a><\/li>\n \t<li><a href=\"http:\/\/www.cozmoslabs.com\/docs\/profile-builder-2\/basic-information-installation\">Informaci\u00f3n b\u00e1sica e instalaci\u00f3n<\/a><\/li>\n \t<li><a href=\"http:\/\/www.cozmoslabs.com\/docs\/profile-builder-2\/shortcodes\">C\u00f3digos cortos<\/a><\/li>\n \t<li><a href=\"http:\/\/www.cozmoslabs.com\/docs\/profile-builder-2\/general-settings\">Ajustes<\/a>\n<ol>\n \t<li><a href=\"https:\/\/www.cozmoslabs.com\/docs\/profile-builder-2\/general-settings\/#Email_Confirmation\">Confirmaci\u00f3n por correo electr\u00f3nico<\/a><\/li>\n \t<li><a href=\"https:\/\/www.cozmoslabs.com\/docs\/profile-builder-2\/general-settings\/#Admin_Approval\">Aprobaci\u00f3n administrativa<\/a><\/li>\n \t<li><a href=\"https:\/\/www.cozmoslabs.com\/docs\/profile-builder-2\/general-settings\/roles-editor\/\">Roles Editor<\/a><\/li>\n \t<li><a href=\"https:\/\/www.cozmoslabs.com\/docs\/profile-builder-2\/general-settings\/content-restriction\">Restricci\u00f3n de contenidos<\/a><\/li>\n \t<li><a href=\"https:\/\/www.cozmoslabs.com\/docs\/profile-builder-2\/admin-bar-settings\/\">Barra de administraci\u00f3n<\/a><\/li>\n \t<li><a href=\"https:\/\/www.cozmoslabs.com\/docs\/profile-builder-2\/general-settings\/private-website\/\">Sitio web privado<\/a><\/li>\n<\/ol>\n<\/li>\n \t<li><a href=\"http:\/\/www.cozmoslabs.com\/docs\/profile-builder-2\/manage-user-fields\">Campos del formulario<\/a>\n<ol>\n \t<li><a href=\"https:\/\/www.cozmoslabs.com\/docs\/profile-builder-2\/manage-user-fields\/#Default_Fields_Types\">Tipos de campos por defecto<\/a><\/li>\n \t<li><a href=\"https:\/\/www.cozmoslabs.com\/docs\/profile-builder-2\/manage-user-fields\/#Extra_Fields_Types\">Tipos de campos adicionales<\/a>\n<ol>\n \t<li><a href=\"https:\/\/www.cozmoslabs.com\/docs\/profile-builder-2\/manage-user-fields\/heading-field\/\">R\u00fabrica<\/a><\/li>\n \t<li><a href=\"https:\/\/www.cozmoslabs.com\/docs\/profile-builder-2\/manage-user-fields\/input-field\/\">Entrada<\/a><\/li>\n \t<li><a href=\"https:\/\/www.cozmoslabs.com\/docs\/profile-builder-2\/manage-user-fields\/number-field\/\">N\u00famero<\/a><\/li>\n \t<li><a href=\"https:\/\/www.cozmoslabs.com\/docs\/profile-builder-2\/manage-user-fields\/input-hidden-field\/\">Entrada (oculta)<\/a><\/li>\n \t<li><a href=\"https:\/\/www.cozmoslabs.com\/docs\/profile-builder-2\/manage-user-fields\/textarea-field\/\">\u00c1rea de texto<\/a><\/li>\n \t<li><a href=\"https:\/\/www.cozmoslabs.com\/docs\/profile-builder-2\/manage-user-fields\/wysiwyg-field\/\">WYSIWYG<\/a><\/li>\n \t<li><a href=\"https:\/\/www.cozmoslabs.com\/docs\/profile-builder-2\/manage-user-fields\/phone-field\/\">Tel\u00e9fono<\/a><\/li>\n \t<li><a href=\"https:\/\/www.cozmoslabs.com\/docs\/profile-builder-2\/manage-user-fields\/select-field\/\">Seleccione<\/a><\/li>\n \t<li><a href=\"https:\/\/www.cozmoslabs.com\/docs\/profile-builder-2\/manage-user-fields\/select-multiple-field\/\">Seleccionar (m\u00faltiple)<\/a><\/li>\n \t<li><a href=\"https:\/\/www.cozmoslabs.com\/docs\/profile-builder-2\/manage-user-fields\/select-country-field\/\">Seleccionar (Pa\u00eds)<\/a><\/li>\n \t<li><a href=\"https:\/\/www.cozmoslabs.com\/docs\/profile-builder-2\/manage-user-fields\/select-timezone-field\/\">Seleccionar (zona horaria)<\/a><\/li>\n \t<li><a href=\"https:\/\/www.cozmoslabs.com\/docs\/profile-builder-2\/manage-user-fields\/select-user-role-field\/\">Seleccionar (rol de usuario)<\/a><\/li>\n \t<li><a href=\"https:\/\/www.cozmoslabs.com\/docs\/profile-builder-2\/manage-user-fields\/select-currency-field\/\">Seleccionar (moneda)<\/a><\/li>\n \t<li><a href=\"https:\/\/www.cozmoslabs.com\/docs\/profile-builder-2\/manage-user-fields\/select-cpt\/\">Seleccionar (CPT)<\/a><\/li>\n \t<li><a href=\"https:\/\/www.cozmoslabs.com\/docs\/profile-builder-2\/manage-user-fields\/checkbox-field\/\">Casilla de verificaci\u00f3n<\/a><\/li>\n \t<li><a href=\"https:\/\/www.cozmoslabs.com\/docs\/profile-builder-2\/manage-user-fields\/checkbox-terms-conditions-field\/\">Casilla de verificaci\u00f3n (T\u00e9rminos y condiciones)<\/a><\/li>\n \t<li><a href=\"https:\/\/www.cozmoslabs.com\/docs\/profile-builder-2\/manage-user-fields\/gdpr-checkbox-field\/\">Casilla de verificaci\u00f3n (GDPR)<\/a><\/li>\n \t<li><a href=\"https:\/\/www.cozmoslabs.com\/docs\/profile-builder-2\/manage-user-fields\/radio-field\/\">Radio<\/a><\/li>\n \t<li><a href=\"https:\/\/www.cozmoslabs.com\/docs\/profile-builder-2\/manage-user-fields\/upload-field\/\">Subir a<\/a><\/li>\n \t<li><a href=\"https:\/\/www.cozmoslabs.com\/docs\/profile-builder-2\/manage-user-fields\/avatar-upload-field\/\">Carga de avatares<\/a><\/li>\n \t<li><a href=\"https:\/\/www.cozmoslabs.com\/docs\/profile-builder-2\/manage-user-fields\/datepicker-field\/\">Datepicker<\/a><\/li>\n \t<li><a href=\"https:\/\/www.cozmoslabs.com\/docs\/profile-builder-2\/manage-user-fields\/timepicker-field\/\">Timepicker<\/a><\/li>\n \t<li><a href=\"https:\/\/www.cozmoslabs.com\/docs\/profile-builder-2\/manage-user-fields\/colorpicker-field\/\">Colorpicker<\/a><\/li>\n \t<li><a href=\"https:\/\/www.cozmoslabs.com\/docs\/profile-builder-2\/manage-user-fields\/recaptcha-field\/\">reCAPTCHA<\/a><\/li>\n \t<li><a href=\"https:\/\/www.cozmoslabs.com\/docs\/profile-builder-2\/manage-user-fields\/validation-field\/\">Validaci\u00f3n<\/a><\/li>\n \t<li><a href=\"https:\/\/www.cozmoslabs.com\/docs\/profile-builder-2\/manage-user-fields\/map-field\/\">Mapa<\/a><\/li>\n \t<li><a href=\"https:\/\/www.cozmoslabs.com\/docs\/profile-builder-2\/manage-user-fields\/html-field\/\">HTML<\/a><\/li>\n \t<li><a href=\"https:\/\/www.cozmoslabs.com\/docs\/profile-builder-2\/manage-user-fields\/email-field\/\">Env\u00ede un correo electr\u00f3nico a<\/a><\/li>\n \t<li><a href=\"https:\/\/www.cozmoslabs.com\/docs\/profile-builder-2\/manage-user-fields\/url-field\/\">URL<\/a><\/li>\n<\/ol>\n<\/li>\n \t<li><a href=\"https:\/\/www.cozmoslabs.com\/docs\/profile-builder-2\/manage-user-fields\/conditional-logic\/\">L\u00f3gica condicional<\/a><\/li>\n<\/ol>\n<\/li>\n \t<li><a href=\"http:\/\/www.cozmoslabs.com\/docs\/profile-builder-2\/modules\">M\u00f3dulos<\/a>\n<ol>\n \t<li><a href=\"http:\/\/www.cozmoslabs.com\/docs\/profile-builder-2\/multiple-registration-forms\">Formularios de registro m\u00faltiple<\/a><\/li>\n \t<li><a href=\"http:\/\/www.cozmoslabs.com\/docs\/profile-builder-2\/multiple-edit-profile-forms\">Formularios de edici\u00f3n de perfiles m\u00faltiples<\/a><\/li>\n \t<li><a href=\"http:\/\/www.cozmoslabs.com\/docs\/profile-builder-2\/user-listing\">Lista de usuarios<\/a><\/li>\n \t<li><a href=\"http:\/\/www.cozmoslabs.com\/docs\/profile-builder-2\/admin-email-customizer\">Personalizaci\u00f3n del correo electr\u00f3nico del administrador<\/a><\/li>\n \t<li><a href=\"http:\/\/www.cozmoslabs.com\/docs\/profile-builder-2\/user-email-customizer\">Personalizaci\u00f3n del correo electr\u00f3nico del usuario<\/a><\/li>\n \t<li><a href=\"http:\/\/www.cozmoslabs.com\/docs\/profile-builder-2\/custom-redirects\">Redirecciones personalizadas<\/a><\/li>\n \t<li><a href=\"https:\/\/www.cozmoslabs.com\/docs\/profile-builder-2\/modules\/repeater-fields\/\">Campos de repetici\u00f3n<\/a><\/li>\n<\/ol>\n<\/li>\n \t<li><a href=\"https:\/\/www.cozmoslabs.com\/docs\/profile-builder-2\/add-ons\/\">Complementos<\/a>\n<ol>\n \t<li><a href=\"https:\/\/www.cozmoslabs.com\/docs\/profile-builder-2\/add-ons\/#Profile_Builder_Advanced_Add-ons\">Complementos avanzados<\/a>\n<ol>\n \t<li><a href=\"https:\/\/www.cozmoslabs.com\/docs\/profile-builder-2\/add-ons\/buddypress\">BuddyPress<\/a><\/li>\n \t<li><a href=\"https:\/\/www.cozmoslabs.com\/docs\/profile-builder-2\/add-ons\/bbpress\/\">bbPress<\/a><\/li>\n \t<li><a href=\"https:\/\/www.cozmoslabs.com\/docs\/profile-builder-2\/add-ons\/multi-step-forms\/\">Formularios de varios pasos<\/a><\/li>\n \t<li><a href=\"https:\/\/www.cozmoslabs.com\/docs\/profile-builder-2\/add-ons\/mailpoet\/\">MailPoet<\/a><\/li>\n \t<li><a href=\"http:\/\/www.cozmoslabs.com\/docs\/profile-builder-2\/add-ons\/social-connect\/\">Conexi\u00f3n social<\/a>\n<ol>\n \t<li><a href=\"https:\/\/www.cozmoslabs.com\/docs\/profile-builder-2\/add-ons\/social-connect\/create-facebook-app-social-connect\/\">C\u00f3mo crear una aplicaci\u00f3n de Facebook para Social Connect<\/a><\/li>\n \t<li><a href=\"https:\/\/www.cozmoslabs.com\/docs\/profile-builder-2\/add-ons\/social-connect\/create-google-app-social-connect\/\">C\u00f3mo crear una aplicaci\u00f3n de Google+ para Social Connect<\/a><\/li>\n \t<li><a href=\"https:\/\/www.cozmoslabs.com\/docs\/profile-builder-2\/add-ons\/social-connect\/create-twitter-app-social-connect\/\">C\u00f3mo crear una aplicaci\u00f3n de Twitter para Social Connect<\/a><\/li>\n \t<li><a href=\"https:\/\/www.cozmoslabs.com\/docs\/profile-builder-2\/add-ons\/social-connect\/create-linkedin-app-social-connect\/\">C\u00f3mo crear una aplicaci\u00f3n de LinkedIn para Social Connect<\/a><\/li>\n<\/ol>\n<\/li>\n \t<li><a href=\"https:\/\/www.cozmoslabs.com\/docs\/profile-builder-2\/add-ons\/custom-profile-menus\/\">Men\u00fas de perfil personalizados<\/a><\/li>\n \t<li><a href=\"https:\/\/www.cozmoslabs.com\/docs\/profile-builder-2\/add-ons\/woocommerce-sync\/\">Sincronizaci\u00f3n de WooCommerce<\/a><\/li>\n \t<li><a href=\"https:\/\/www.cozmoslabs.com\/docs\/profile-builder-2\/add-ons\/mailchimp\/\">MailChimp<\/a><\/li>\n \t<li><a href=\"https:\/\/www.cozmoslabs.com\/docs\/profile-builder-2\/add-ons\/campaign-monitor\/\">Monitor de campa\u00f1a<\/a><\/li>\n \t<li><a href=\"https:\/\/www.cozmoslabs.com\/docs\/profile-builder-2\/add-ons\/edit-profile-approved-by-admin\/\">Editar perfil aprobado por el administrador<\/a><\/li>\n \t<li><a href=\"https:\/\/www.cozmoslabs.com\/docs\/profile-builder-2\/add-ons\/field-visibility\/\">Visibilidad del campo<\/a><\/li>\n<\/ol>\n<\/li>\n \t<li><a href=\"https:\/\/www.cozmoslabs.com\/docs\/profile-builder-2\/add-ons\/#Profile_Builder_Free_Add-ons\">Complementos gratuitos<\/a>\n<ol>\n \t<li><a href=\"https:\/\/www.cozmoslabs.com\/add-ons\/custom-login-page-templates\/\">Plantillas de p\u00e1ginas de inicio de sesi\u00f3n personalizadas<\/a><\/li>\n \t<li><a href=\"https:\/\/www.cozmoslabs.com\/55726-how-to-wordpress-client-portal-plugin\/\">Portal del cliente<\/a><\/li>\n \t<li><a href=\"https:\/\/www.cozmoslabs.com\/docs\/profile-builder-2\/add-ons\/passwordless-login\/\">Inicio de sesi\u00f3n sin contrase\u00f1a<\/a><\/li>\n \t<li><a href=\"https:\/\/www.cozmoslabs.com\/docs\/profile-builder-2\/add-ons\/import-export-pb-settings\/\">Importar y exportar ajustes de PB<\/a><\/li>\n \t<li><a href=\"https:\/\/www.cozmoslabs.com\/docs\/profile-builder-2\/add-ons\/custom-css-classes-on-fields-for-profile-builder\/\">Clases CSS personalizadas en los campos<\/a><\/li>\n \t<li><a href=\"https:\/\/www.cozmoslabs.com\/docs\/profile-builder-2\/add-ons\/maximum-character-length\/\">Longitud m\u00e1xima de caracteres<\/a><\/li>\n \t<li><a href=\"https:\/\/www.cozmoslabs.com\/docs\/profile-builder-2\/add-ons\/multiple-admin-e-mails\/\">M\u00faltiples correos electr\u00f3nicos de administraci\u00f3n<\/a><\/li>\n \t<li><a href=\"https:\/\/www.cozmoslabs.com\/docs\/profile-builder-2\/add-ons\/labels-edit\/\">Etiquetas Editar<\/a><\/li>\n \t<li><a href=\"https:\/\/www.cozmoslabs.com\/docs\/profile-builder-2\/add-ons\/placeholder-labels\/\">Etiquetas de marcadores de posici\u00f3n<\/a><\/li>\n \t<li><a href=\"https:\/\/www.cozmoslabs.com\/docs\/profile-builder-2\/add-ons\/email-confirmation-field\/\">Campo de confirmaci\u00f3n de correo electr\u00f3nico<\/a><\/li>\n \t<li><a href=\"https:\/\/www.cozmoslabs.com\/docs\/profile-builder-2\/add-ons\/select2\/\">Seleccione2<\/a><\/li>\n \t<li><a href=\"https:\/\/www.cozmoslabs.com\/docs\/customization-toolbox\/\">Caja de herramientas de personalizaci\u00f3n<\/a><\/li>\n<\/ol>\n<\/li>\n<\/ol>\n<\/li>\n \t<li><a href=\"http:\/\/www.cozmoslabs.com\/docs\/profile-builder-documentation\/import-export-users\">Importar \/ Exportar usuarios<\/a><\/li>\n \t<li><a href=\"https:\/\/www.cozmoslabs.com\/docs\/profile-builder-2\/profile-builder-changelogs\/\">Cambios en el constructor de perfiles<\/a><\/li>\n \t<li><a href=\"http:\/\/www.cozmoslabs.com\/docs\/profile-builder-2\/upgrading-from-1-3-x-to-2-0\">Actualizaci\u00f3n de Profile Builder 1.3.x a 2.0<\/a><\/li>\n \t<li><a href=\"https:\/\/www.cozmoslabs.com\/docs\/profile-builder-2\/translate-profile-builder\/\">C\u00f3mo traducir Profile Builder<\/a><\/li>\n \t<li><a href=\"https:\/\/www.cozmoslabs.com\/docs\/profile-builder-2\/how-to-make-profile-builder-forms-gdpr-compliant\/\">C\u00f3mo hacer que los formularios de Profile Builder cumplan con el GDPR<\/a><\/li>\n \t<li><a href=\"https:\/\/www.cozmoslabs.com\/docs\/profile-builder-2\/frequently-asked-questions\/\">Preguntas frecuentes<\/a><\/li>\n<\/ol>\n<\/li>\n<\/ol>\n<ol>\n \t<li><strong><a href=\"http:\/\/www.cozmoslabs.com\/docs\/profile-builder-documentation\/developers-knowledge-base\/\">Base de conocimientos para desarrolladores<\/a><\/strong>\n<ol class=\"sub-menu\">\n \t<li class=\"has-children menu-item menu-item-type-post_type menu-item-object-docs menu-item-38214\"><a href=\"http:\/\/www.cozmoslabs.com\/docs\/profile-builder-2\/developers-knowledge-base\/useful-profile-builder-hooks\/\">Ganchos \u00fatiles<\/a><\/li>\n \t<li id=\"menu-item-38214\" class=\"has-children menu-item menu-item-type-post_type menu-item-object-docs menu-item-38214\"><a href=\"http:\/\/www.cozmoslabs.com\/docs\/profile-builder-documentation\/developers-knowledge-base\/login-logout-register\/\">Inicio de sesi\u00f3n \/ Cierre de sesi\u00f3n \/ Registro<\/a><\/li>\n \t<li id=\"menu-item-38216\" class=\"has-children menu-item menu-item-type-post_type menu-item-object-docs menu-item-38216\"><a href=\"http:\/\/www.cozmoslabs.com\/docs\/profile-builder-documentation\/developers-knowledge-base\/messages-alerts\/\">Mensajes \/ Alertas<\/a><\/li>\n \t<li id=\"menu-item-38217\" class=\"has-children menu-item menu-item-type-post_type menu-item-object-docs menu-item-38217\"><a href=\"http:\/\/www.cozmoslabs.com\/docs\/profile-builder-documentation\/developers-knowledge-base\/email\/\">Env\u00ede un correo electr\u00f3nico a<\/a><\/li>\n \t<li class=\"has-children menu-item menu-item-type-post_type menu-item-object-docs menu-item-38217\"><a href=\"https:\/\/www.cozmoslabs.com\/docs\/profile-builder-2\/developers-knowledge-base\/admin-approval\/\">Aprobaci\u00f3n administrativa<\/a><\/li>\n \t<li id=\"menu-item-38218\" class=\"has-children menu-item menu-item-type-post_type menu-item-object-docs menu-item-38218\"><a href=\"http:\/\/www.cozmoslabs.com\/docs\/profile-builder-documentation\/developers-knowledge-base\/custom-fields\/\">Campos personalizados<\/a><\/li>\n \t<li id=\"menu-item-38219\" class=\"has-children menu-item menu-item-type-post_type menu-item-object-docs menu-item-38219\"><a href=\"http:\/\/www.cozmoslabs.com\/docs\/profile-builder-documentation\/developers-knowledge-base\/userlisting\/\">Lista de usuarios<\/a><\/li>\n \t<li id=\"menu-item-38222\" class=\"has-children menu-item menu-item-type-post_type menu-item-object-docs menu-item-38222\"><a href=\"http:\/\/www.cozmoslabs.com\/docs\/profile-builder-documentation\/developers-knowledge-base\/support-themes-plugins\/\">Apoyo a los Temas \/ Plugins<\/a><\/li>\n \t<li id=\"menu-item-38223\" class=\"has-children menu-item menu-item-type-post_type menu-item-object-docs menu-item-38223\"><a href=\"http:\/\/www.cozmoslabs.com\/docs\/profile-builder-documentation\/developers-knowledge-base\/redirect\/\">Redirigir<\/a><\/li>\n \t<li id=\"menu-item-38232\" class=\"menu-item menu-item-type-post_type menu-item-object-docs menu-item-38232\"><a href=\"https:\/\/www.cozmoslabs.com\/docs\/profile-builder-2\/developers-knowledge-base\/shortcodes\/\">C\u00f3digos cortos<\/a><\/li>\n \t<li id=\"menu-item-38224\" class=\"menu-item menu-item-type-post_type menu-item-object-docs menu-item-38224\"><a href=\"http:\/\/www.cozmoslabs.com\/docs\/profile-builder-documentation\/developers-knowledge-base\/settings\/\">Ajustes<\/a><\/li>\n<\/ol>\n<\/li>\n<\/ol>","protected":false},"excerpt":{"rendered":"<p>Intro page for PB. Some info could be placed here like documentation links. Welcome to the Profile Builder Documentation Profile Builder (PB) documentation is constantly evolving as we continue to update the plugin. The latest version of the documentation is available via this Wiki. The current documentation is for our Profile Builder plugin. TRY THE [&hellip;]<\/p>\n","protected":false},"author":1,"featured_media":0,"parent":0,"menu_order":0,"comment_status":"closed","ping_status":"closed","template":"","meta":[],"_links":{"self":[{"href":"https:\/\/razvan001.supserv.cozmoslabs.com\/es\/wp-json\/wp\/v2\/pages\/93"}],"collection":[{"href":"https:\/\/razvan001.supserv.cozmoslabs.com\/es\/wp-json\/wp\/v2\/pages"}],"about":[{"href":"https:\/\/razvan001.supserv.cozmoslabs.com\/es\/wp-json\/wp\/v2\/types\/page"}],"author":[{"embeddable":true,"href":"https:\/\/razvan001.supserv.cozmoslabs.com\/es\/wp-json\/wp\/v2\/users\/1"}],"replies":[{"embeddable":true,"href":"https:\/\/razvan001.supserv.cozmoslabs.com\/es\/wp-json\/wp\/v2\/comments?post=93"}],"version-history":[{"count":1,"href":"https:\/\/razvan001.supserv.cozmoslabs.com\/es\/wp-json\/wp\/v2\/pages\/93\/revisions"}],"predecessor-version":[{"id":95,"href":"https:\/\/razvan001.supserv.cozmoslabs.com\/es\/wp-json\/wp\/v2\/pages\/93\/revisions\/95"}],"wp:attachment":[{"href":"https:\/\/razvan001.supserv.cozmoslabs.com\/es\/wp-json\/wp\/v2\/media?parent=93"}],"curies":[{"name":"wp","href":"https:\/\/api.w.org\/{rel}","templated":true}]}}